{"id":57,"date":"2024-04-10T09:06:37","date_gmt":"2024-04-10T09:06:37","guid":{"rendered":"https:\/\/omileo.com\/index.php\/home\/"},"modified":"2024-04-10T15:08:40","modified_gmt":"2024-04-10T15:08:40","slug":"home","status":"publish","type":"page","link":"https:\/\/omileo.com\/","title":{"rendered":"Home"},"content":{"rendered":"\t\t<div data-elementor-type=\"wp-page\" data-elementor-id=\"57\" class=\"elementor elementor-57\" data-elementor-post-type=\"page\">\n\t\t\t\t<div class=\"elementor-element elementor-element-3ddcd56d e-con-full e-flex e-con e-parent\" data-id=\"3ddcd56d\" data-element_type=\"container\" data-settings=\"{&quot;background_background&quot;:&quot;classic&quot;,&quot;_ha_eqh_enable&quot;:false}\">\n\t\t<div class=\"elementor-element elementor-element-683bfc8d e-con-full e-flex e-con e-child\" data-id=\"683bfc8d\" data-element_type=\"container\" data-settings=\"{&quot;_ha_eqh_enable&quot;:false}\">\n\t\t\t\t<div class=\"elementor-element elementor-element-582a44d3 elementor-widget elementor-widget-heading\" data-id=\"582a44d3\" data-element_type=\"widget\" data-widget_type=\"heading.default\">\n\t\t\t\t<div class=\"elementor-widget-container\">\n\t\t\t<h1 class=\"elementor-heading-title elementor-size-default\">architecte de votre succ\u00e8s num\u00e9rique<\/h1>\t\t<\/div>\n\t\t\t\t<\/div>\n\t\t\t\t<div class=\"elementor-element elementor-element-15b11b70 elementor-widget elementor-widget-text-editor\" data-id=\"15b11b70\" data-element_type=\"widget\" data-widget_type=\"text-editor.default\">\n\t\t\t\t<div class=\"elementor-widget-container\">\n\t\t\t\t\t\t\t<p><span style=\"color: var( --e-global-color-primary ); font-family: var( --e-global-typography-text-font-family ), Sans-serif; font-size: var( --e-global-typography-text-font-size ); font-style: var( --e-global-typography-text-font-style ); font-weight: var( --e-global-typography-text-font-weight ); letter-spacing: var( --e-global-typography-text-letter-spacing ); text-transform: var( --e-global-typography-text-text-transform ); word-spacing: var( --e-global-typography-text-word-spacing ); text-align: var(--text-align); background-color: var( --e-global-color-8a6eaf5 );\">Notre site est en pleine m\u00e9tamorphose pour mieux vous servir ! Chez OMILEO, nous ma\u00eetrisons l&rsquo;art de l&rsquo;infog\u00e9rance informatique et des services IT, d\u00e9di\u00e9s exclusivement aux professionnels qui aspirent \u00e0 l&rsquo;excellence. Notre mission ? Transformer vos d\u00e9fis technologiques en opportunit\u00e9s de croissance, avec une approche sur-mesure qui parle directement \u00e0 vos besoins uniques.<\/span><\/p><p><strong>Pourquoi choisir OMILEO ?<\/strong><\/p><ul><li><strong>Expertise reconnue :<\/strong> Des ann\u00e9es d&rsquo;exp\u00e9rience au service des entreprises exigeantes.<\/li><li><strong>Solutions avant-gardistes :<\/strong> Une veille technologique constante pour vous proposer les solutions les plus innovantes.<\/li><li><strong>S\u00e9curit\u00e9 et fiabilit\u00e9 :<\/strong> Prot\u00e9gez votre activit\u00e9 avec nos services s\u00e9curis\u00e9s et fiables, con\u00e7us pour les professionnels.<\/li><li><strong>Un accompagnement de A \u00e0 Z :<\/strong> De l&rsquo;audit de vos syst\u00e8mes existants \u00e0 la mise en place de solutions personnalis\u00e9es, nous sommes \u00e0 vos c\u00f4t\u00e9s.<\/li><\/ul><div>\u00a0<\/div><p><strong>Restez connect\u00e9 !<\/strong><\/p><p>Notre nouvelle plateforme, reflet de notre savoir-faire et de notre engagement envers l&rsquo;excellence IT, sera bient\u00f4t disponible !<\/p>\t\t\t\t\t\t<\/div>\n\t\t\t\t<\/div>\n\t\t\t\t<\/div>\n\t\t<div class=\"elementor-element elementor-element-6fafecd7 e-con-full e-flex e-con e-child\" data-id=\"6fafecd7\" data-element_type=\"container\" data-settings=\"{&quot;background_background&quot;:&quot;classic&quot;,&quot;_ha_eqh_enable&quot;:false}\">\n\t\t\t\t<\/div>\n\t\t\t\t<\/div>\n\t\t<div class=\"elementor-element elementor-element-d2d1248 e-flex e-con-boxed e-con e-parent\" data-id=\"d2d1248\" data-element_type=\"container\" data-settings=\"{&quot;_ha_eqh_enable&quot;:false}\">\n\t\t\t\t\t<div class=\"e-con-inner\">\n\t\t\t\t\t<\/div>\n\t\t\t\t<\/div>\n\t\t\t\t<\/div>\n\t\t","protected":false},"excerpt":{"rendered":"<p>architecte de votre succ\u00e8s num\u00e9rique Notre site est en pleine m\u00e9tamorphose pour mieux vous servir ! Chez OMILEO, nous ma\u00eetrisons l&rsquo;art de l&rsquo;infog\u00e9rance informatique et des services IT, d\u00e9di\u00e9s exclusivement aux professionnels qui aspirent \u00e0 l&rsquo;excellence. Notre mission ? Transformer vos d\u00e9fis technologiques en opportunit\u00e9s de croissance, avec une approche sur-mesure qui parle directement \u00e0 [&hellip;]<\/p>\n","protected":false},"author":1,"featured_media":0,"parent":0,"menu_order":0,"comment_status":"closed","ping_status":"closed","template":"elementor_header_footer","meta":{"footnotes":""},"class_list":["post-57","page","type-page","status-publish","hentry"],"_links":{"self":[{"href":"https:\/\/omileo.com\/index.php\/wp-json\/wp\/v2\/pages\/57","targetHints":{"allow":["GET"]}}],"collection":[{"href":"https:\/\/omileo.com\/index.php\/wp-json\/wp\/v2\/pages"}],"about":[{"href":"https:\/\/omileo.com\/index.php\/wp-json\/wp\/v2\/types\/page"}],"author":[{"embeddable":true,"href":"https:\/\/omileo.com\/index.php\/wp-json\/wp\/v2\/users\/1"}],"replies":[{"embeddable":true,"href":"https:\/\/omileo.com\/index.php\/wp-json\/wp\/v2\/comments?post=57"}],"version-history":[{"count":88,"href":"https:\/\/omileo.com\/index.php\/wp-json\/wp\/v2\/pages\/57\/revisions"}],"predecessor-version":[{"id":253,"href":"https:\/\/omileo.com\/index.php\/wp-json\/wp\/v2\/pages\/57\/revisions\/253"}],"wp:attachment":[{"href":"https:\/\/omileo.com\/index.php\/wp-json\/wp\/v2\/media?parent=57"}],"curies":[{"name":"wp","href":"https:\/\/api.w.org\/{rel}","templated":true}]}}